{"id":1187,"date":"2024-04-28T19:35:26","date_gmt":"2024-04-28T19:35:26","guid":{"rendered":"https:\/\/renovacg.com\/cookies\/"},"modified":"2025-06-14T16:55:33","modified_gmt":"2025-06-14T16:55:33","slug":"cookies","status":"publish","type":"page","link":"https:\/\/renovacg.com\/es\/cookies\/","title":{"rendered":"Cookies"},"content":{"rendered":"\t\t<div data-elementor-type=\"wp-page\" data-elementor-id=\"1187\" class=\"elementor elementor-1187 elementor-303\">\n\t\t\t\t<div class=\"elementor-element elementor-element-a48ea60 e-flex e-con-boxed e-con e-parent\" data-id=\"a48ea60\" data-element_type=\"container\" data-e-type=\"container\">\n\t\t\t\t\t<div class=\"e-con-inner\">\n\t\t\t\t<div class=\"elementor-element elementor-element-845ca88 elementor-widget elementor-widget-heading\" data-id=\"845ca88\" data-element_type=\"widget\" data-e-type=\"widget\" data-widget_type=\"heading.default\">\n\t\t\t\t<div class=\"elementor-widget-container\">\n\t\t\t\t\t<h2 class=\"elementor-heading-title elementor-size-default\">Pol\u00edtica de cookies<\/h2>\t\t\t\t<\/div>\n\t\t\t\t<\/div>\n\t\t\t\t<div class=\"elementor-element elementor-element-592c9ad elementor-widget elementor-widget-text-editor\" data-id=\"592c9ad\" data-element_type=\"widget\" data-e-type=\"widget\" data-widget_type=\"text-editor.default\">\n\t\t\t\t<div class=\"elementor-widget-container\">\n\t\t\t\t\t\t\t\t\t<p>Esta es la Pol\u00edtica de Cookies de www.renovacg.com<\/p>\n<p><strong>Qu\u00e9 son las cookies<\/strong><\/p>\n<p>Como es pr\u00e1ctica habitual en casi todos los sitios web profesionales, este sitio utiliza cookies, que son peque\u00f1os archivos que se descargan en tu ordenador, para mejorar tu experiencia. Esta p\u00e1gina describe qu\u00e9 informaci\u00f3n recopilan, c\u00f3mo la utilizamos y por qu\u00e9 a veces necesitamos almacenar estas cookies. Tambi\u00e9n te diremos c\u00f3mo puedes evitar que se almacenen estas cookies, aunque esto puede degradar o \u201cromper\u201d ciertos elementos de la funcionalidad de los sitios.<\/p>\n<p><strong>C\u00f3mo utilizamos las cookies<\/strong><\/p>\n<p>Utilizamos cookies por diversas razones que se detallan a continuaci\u00f3n. Lamentablemente, en la mayor\u00eda de los casos no existen opciones est\u00e1ndar para desactivar las cookies sin desactivar por completo la funcionalidad y las caracter\u00edsticas que a\u00f1aden a este sitio. Se recomienda que dejes activadas todas las cookies si no est\u00e1s seguro de si las necesitas o no en caso de que se utilicen para proporcionar un servicio que utilizas.<\/p>\n<p><strong>Desactivar las cookies<\/strong><\/p>\n<p>Puedes impedir la instalaci\u00f3n de cookies ajustando la configuraci\u00f3n de tu navegador (consulta la Ayuda de tu navegador para saber c\u00f3mo hacerlo). Ten en cuenta que desactivar las cookies afectar\u00e1 a la funcionalidad de \u00e9ste y de muchos otros sitios web que visites. Deshabilitar las cookies normalmente implicar\u00e1 tambi\u00e9n deshabilitar ciertas funciones y caracter\u00edsticas de este sitio. Por lo tanto, se recomienda que no desactives las cookies.<\/p>\n<p><strong>Las cookies que instalamos<\/strong><\/p>\n<ul>\n<li>Cookies relacionadas con formularios: Cuando env\u00edas datos a trav\u00e9s de un formulario, como los que se encuentran en las p\u00e1ginas de contacto o en los formularios de comentarios, pueden establecerse cookies para recordar tus datos de usuario para futuras correspondencias.<\/li>\n<li>Cookies de preferencias del sitio: Con el fin de proporcionarte una gran experiencia en este sitio, te ofrecemos la funcionalidad de establecer tus preferencias sobre c\u00f3mo funciona este sitio cuando lo utilizas. Con el fin de recordar tus preferencias, necesitamos establecer cookies para que esta informaci\u00f3n pueda ser llamada cada vez que interact\u00faes con una p\u00e1gina se vea afectada por tus preferencias.<\/li>\n<\/ul>\n<p><strong>Cookies de terceros<\/strong><\/p>\n<p>En algunos casos especiales tambi\u00e9n utilizamos cookies proporcionadas por terceros de confianza. La siguiente secci\u00f3n detalla qu\u00e9 cookies de terceros puedes encontrar a trav\u00e9s de este sitio.<\/p>\n<ul>\n<li>Este sitio puede utilizar Google Analytics, una de las soluciones anal\u00edticas m\u00e1s extendidas y fiables de la web, para ayudarnos a comprender c\u00f3mo utilizas el sitio y c\u00f3mo podemos mejorar tu experiencia. Estas cookies pueden rastrear cosas como el tiempo que pasas en el sitio y las p\u00e1ginas que visitas para que podamos seguir produciendo contenidos atractivos. Para obtener m\u00e1s informaci\u00f3n sobre las cookies de Google Analytics, consulta la p\u00e1gina oficial de Google Analytics.<\/li>\n<li>De vez en cuando, podemos probar nuevas funciones y hacer cambios sutiles en la forma en que se ofrece el sitio. Cuando todav\u00eda estamos probando nuevas funciones, estas cookies pueden utilizarse para garantizar que recibes una experiencia coherente mientras est\u00e1s en el sitio, al tiempo que nos aseguramos de comprender qu\u00e9 optimizaciones aprecian m\u00e1s nuestros usuarios.<\/li>\n<\/ul>\n<p><strong>M\u00e1s informaci\u00f3n<\/strong><\/p>\n<p>Espero que esto te haya aclarado las cosas y, como se ha mencionado anteriormente, si hay algo que no est\u00e1s seguro de si necesitas o no, normalmente es m\u00e1s seguro dejar las cookies activadas por si interact\u00faan con alguna de las funciones que utilizas en nuestro sitio.<\/p>\n<p>Si a\u00fan buscas m\u00e1s informaci\u00f3n, puedes ponerte en contacto con nosotros a trav\u00e9s de uno de nuestros m\u00e9todos de contacto preferidos o <span style=\"font-family: inherit; font-size: inherit; font-style: inherit; font-variant-ligatures: inherit; font-variant-caps: inherit; font-weight: inherit; text-align: var(--text-align); background-color: var(--theme-palette-color-8); color: var(--theme-text-color); letter-spacing: var(--theme-letter-spacing); text-transform: var(--theme-text-transform);\">visitando este enlace: www.renovacg.com\/privacy-policy<\/span><\/p>\t\t\t\t\t\t\t\t<\/div>\n\t\t\t\t<\/div>\n\t\t\t\t\t<\/div>\n\t\t\t\t<\/div>\n\t\t\t\t<\/div>\n\t\t","protected":false},"excerpt":{"rendered":"<p>Pol\u00edtica de cookies Esta es la Pol\u00edtica de Cookies de www.renovacg.com Qu\u00e9 son las cookies Como es pr\u00e1ctica habitual en casi todos los sitios web profesionales, este sitio utiliza cookies, que son peque\u00f1os archivos que se descargan en tu ordenador, para mejorar tu experiencia. Esta p\u00e1gina describe qu\u00e9 informaci\u00f3n recopilan, c\u00f3mo la utilizamos y por [&hellip;]<\/p>\n","protected":false},"author":1,"featured_media":0,"parent":0,"menu_order":0,"comment_status":"closed","ping_status":"closed","template":"","meta":{"_coblocks_attr":"","_coblocks_dimensions":"","_coblocks_responsive_height":"","_coblocks_accordion_ie_support":"","footnotes":""},"class_list":["post-1187","page","type-page","status-publish","hentry"],"blocksy_meta":[],"yoast_head":"<!-- This site is optimized with the Yoast SEO plugin v27.4 - https:\/\/yoast.com\/product\/yoast-seo-wordpress\/ -->\n<title>Cookies - Architectural Engineering Services | Renova CG<\/title>\n<meta name=\"robots\" content=\"index, follow, max-snippet:-1, max-image-preview:large, max-video-preview:-1\" \/>\n<link rel=\"canonical\" href=\"https:\/\/renovacg.com\/es\/cookies\/\" \/>\n<meta property=\"og:locale\" content=\"es_ES\" \/>\n<meta property=\"og:type\" content=\"article\" \/>\n<meta property=\"og:title\" content=\"Cookies - Architectural Engineering Services | Renova CG\" \/>\n<meta property=\"og:description\" content=\"Pol\u00edtica de cookies Esta es la Pol\u00edtica de Cookies de www.renovacg.com Qu\u00e9 son las cookies Como es pr\u00e1ctica habitual en casi todos los sitios web profesionales, este sitio utiliza cookies, que son peque\u00f1os archivos que se descargan en tu ordenador, para mejorar tu experiencia. Esta p\u00e1gina describe qu\u00e9 informaci\u00f3n recopilan, c\u00f3mo la utilizamos y por [&hellip;]\" \/>\n<meta property=\"og:url\" content=\"https:\/\/renovacg.com\/es\/cookies\/\" \/>\n<meta property=\"og:site_name\" content=\"Architectural Engineering Services | Renova CG\" \/>\n<meta property=\"article:modified_time\" content=\"2025-06-14T16:55:33+00:00\" \/>\n<meta name=\"twitter:card\" content=\"summary_large_image\" \/>\n<meta name=\"twitter:label1\" content=\"Tiempo de lectura\" \/>\n\t<meta name=\"twitter:data1\" content=\"3 minutos\" \/>\n<script type=\"application\/ld+json\" class=\"yoast-schema-graph\">{\"@context\":\"https:\\\/\\\/schema.org\",\"@graph\":[{\"@type\":\"WebPage\",\"@id\":\"https:\\\/\\\/renovacg.com\\\/es\\\/cookies\\\/\",\"url\":\"https:\\\/\\\/renovacg.com\\\/es\\\/cookies\\\/\",\"name\":\"Cookies - Architectural Engineering Services | Renova CG\",\"isPartOf\":{\"@id\":\"https:\\\/\\\/renovacg.com\\\/es\\\/#website\"},\"datePublished\":\"2024-04-28T19:35:26+00:00\",\"dateModified\":\"2025-06-14T16:55:33+00:00\",\"breadcrumb\":{\"@id\":\"https:\\\/\\\/renovacg.com\\\/es\\\/cookies\\\/#breadcrumb\"},\"inLanguage\":\"es\",\"potentialAction\":[{\"@type\":\"ReadAction\",\"target\":[\"https:\\\/\\\/renovacg.com\\\/es\\\/cookies\\\/\"]}]},{\"@type\":\"BreadcrumbList\",\"@id\":\"https:\\\/\\\/renovacg.com\\\/es\\\/cookies\\\/#breadcrumb\",\"itemListElement\":[{\"@type\":\"ListItem\",\"position\":1,\"name\":\"Home\",\"item\":\"https:\\\/\\\/renovacg.com\\\/es\\\/ingenieros-en-miami\\\/\"},{\"@type\":\"ListItem\",\"position\":2,\"name\":\"Cookies\"}]},{\"@type\":\"WebSite\",\"@id\":\"https:\\\/\\\/renovacg.com\\\/es\\\/#website\",\"url\":\"https:\\\/\\\/renovacg.com\\\/es\\\/\",\"name\":\"Architectural Engineering Services | Renova CG\",\"description\":\"Architectural and Engineering Services\",\"publisher\":{\"@id\":\"https:\\\/\\\/renovacg.com\\\/es\\\/#organization\"},\"potentialAction\":[{\"@type\":\"SearchAction\",\"target\":{\"@type\":\"EntryPoint\",\"urlTemplate\":\"https:\\\/\\\/renovacg.com\\\/es\\\/?s={search_term_string}\"},\"query-input\":{\"@type\":\"PropertyValueSpecification\",\"valueRequired\":true,\"valueName\":\"search_term_string\"}}],\"inLanguage\":\"es\"},{\"@type\":\"Organization\",\"@id\":\"https:\\\/\\\/renovacg.com\\\/es\\\/#organization\",\"name\":\"Architectural Engineering Services | Renova CG\",\"url\":\"https:\\\/\\\/renovacg.com\\\/es\\\/\",\"logo\":{\"@type\":\"ImageObject\",\"inLanguage\":\"es\",\"@id\":\"https:\\\/\\\/renovacg.com\\\/es\\\/#\\\/schema\\\/logo\\\/image\\\/\",\"url\":\"https:\\\/\\\/renovacg.com\\\/wp-content\\\/uploads\\\/2025\\\/07\\\/RCG_Side-Text_No-Background-scaled.png\",\"contentUrl\":\"https:\\\/\\\/renovacg.com\\\/wp-content\\\/uploads\\\/2025\\\/07\\\/RCG_Side-Text_No-Background-scaled.png\",\"width\":2560,\"height\":761,\"caption\":\"Architectural Engineering Services | Renova CG\"},\"image\":{\"@id\":\"https:\\\/\\\/renovacg.com\\\/es\\\/#\\\/schema\\\/logo\\\/image\\\/\"}}]}<\/script>\n<!-- \/ Yoast SEO plugin. -->","yoast_head_json":{"title":"Cookies - Architectural Engineering Services | Renova CG","robots":{"index":"index","follow":"follow","max-snippet":"max-snippet:-1","max-image-preview":"max-image-preview:large","max-video-preview":"max-video-preview:-1"},"canonical":"https:\/\/renovacg.com\/es\/cookies\/","og_locale":"es_ES","og_type":"article","og_title":"Cookies - Architectural Engineering Services | Renova CG","og_description":"Pol\u00edtica de cookies Esta es la Pol\u00edtica de Cookies de www.renovacg.com Qu\u00e9 son las cookies Como es pr\u00e1ctica habitual en casi todos los sitios web profesionales, este sitio utiliza cookies, que son peque\u00f1os archivos que se descargan en tu ordenador, para mejorar tu experiencia. Esta p\u00e1gina describe qu\u00e9 informaci\u00f3n recopilan, c\u00f3mo la utilizamos y por [&hellip;]","og_url":"https:\/\/renovacg.com\/es\/cookies\/","og_site_name":"Architectural Engineering Services | Renova CG","article_modified_time":"2025-06-14T16:55:33+00:00","twitter_card":"summary_large_image","twitter_misc":{"Tiempo de lectura":"3 minutos"},"schema":{"@context":"https:\/\/schema.org","@graph":[{"@type":"WebPage","@id":"https:\/\/renovacg.com\/es\/cookies\/","url":"https:\/\/renovacg.com\/es\/cookies\/","name":"Cookies - Architectural Engineering Services | Renova CG","isPartOf":{"@id":"https:\/\/renovacg.com\/es\/#website"},"datePublished":"2024-04-28T19:35:26+00:00","dateModified":"2025-06-14T16:55:33+00:00","breadcrumb":{"@id":"https:\/\/renovacg.com\/es\/cookies\/#breadcrumb"},"inLanguage":"es","potentialAction":[{"@type":"ReadAction","target":["https:\/\/renovacg.com\/es\/cookies\/"]}]},{"@type":"BreadcrumbList","@id":"https:\/\/renovacg.com\/es\/cookies\/#breadcrumb","itemListElement":[{"@type":"ListItem","position":1,"name":"Home","item":"https:\/\/renovacg.com\/es\/ingenieros-en-miami\/"},{"@type":"ListItem","position":2,"name":"Cookies"}]},{"@type":"WebSite","@id":"https:\/\/renovacg.com\/es\/#website","url":"https:\/\/renovacg.com\/es\/","name":"Architectural Engineering Services | Renova CG","description":"Architectural and Engineering Services","publisher":{"@id":"https:\/\/renovacg.com\/es\/#organization"},"potentialAction":[{"@type":"SearchAction","target":{"@type":"EntryPoint","urlTemplate":"https:\/\/renovacg.com\/es\/?s={search_term_string}"},"query-input":{"@type":"PropertyValueSpecification","valueRequired":true,"valueName":"search_term_string"}}],"inLanguage":"es"},{"@type":"Organization","@id":"https:\/\/renovacg.com\/es\/#organization","name":"Architectural Engineering Services | Renova CG","url":"https:\/\/renovacg.com\/es\/","logo":{"@type":"ImageObject","inLanguage":"es","@id":"https:\/\/renovacg.com\/es\/#\/schema\/logo\/image\/","url":"https:\/\/renovacg.com\/wp-content\/uploads\/2025\/07\/RCG_Side-Text_No-Background-scaled.png","contentUrl":"https:\/\/renovacg.com\/wp-content\/uploads\/2025\/07\/RCG_Side-Text_No-Background-scaled.png","width":2560,"height":761,"caption":"Architectural Engineering Services | Renova CG"},"image":{"@id":"https:\/\/renovacg.com\/es\/#\/schema\/logo\/image\/"}}]}},"rttpg_featured_image_url":null,"rttpg_author":{"display_name":"renovacg","author_link":"https:\/\/renovacg.com\/es\/author\/renovacg\/"},"rttpg_comment":0,"rttpg_category":" <a href=\"https:\/\/renovacg.com\/es\/?taxonomy=translation_priority&#038;term=opcional\" rel=\"tag\">Opcional<\/a>","rttpg_excerpt":"Pol\u00edtica de cookies Esta es la Pol\u00edtica de Cookies de www.renovacg.com Qu\u00e9 son las cookies Como es pr\u00e1ctica habitual en casi todos los sitios web profesionales, este sitio utiliza cookies, que son peque\u00f1os archivos que se descargan en tu ordenador, para mejorar tu experiencia. Esta p\u00e1gina describe qu\u00e9 informaci\u00f3n recopilan, c\u00f3mo la utilizamos y por&hellip;","_links":{"self":[{"href":"https:\/\/renovacg.com\/es\/wp-json\/wp\/v2\/pages\/1187","targetHints":{"allow":["GET"]}}],"collection":[{"href":"https:\/\/renovacg.com\/es\/wp-json\/wp\/v2\/pages"}],"about":[{"href":"https:\/\/renovacg.com\/es\/wp-json\/wp\/v2\/types\/page"}],"author":[{"embeddable":true,"href":"https:\/\/renovacg.com\/es\/wp-json\/wp\/v2\/users\/1"}],"replies":[{"embeddable":true,"href":"https:\/\/renovacg.com\/es\/wp-json\/wp\/v2\/comments?post=1187"}],"version-history":[{"count":1,"href":"https:\/\/renovacg.com\/es\/wp-json\/wp\/v2\/pages\/1187\/revisions"}],"predecessor-version":[{"id":1189,"href":"https:\/\/renovacg.com\/es\/wp-json\/wp\/v2\/pages\/1187\/revisions\/1189"}],"wp:attachment":[{"href":"https:\/\/renovacg.com\/es\/wp-json\/wp\/v2\/media?parent=1187"}],"curies":[{"name":"wp","href":"https:\/\/api.w.org\/{rel}","templated":true}]}}